{"id":23,"date":"2019-05-21T18:30:28","date_gmt":"2019-05-21T18:30:28","guid":{"rendered":"https:\/\/thomas-galster.de\/?page_id=23"},"modified":"2021-10-19T12:42:19","modified_gmt":"2021-10-19T12:42:19","slug":"impressum","status":"publish","type":"page","link":"https:\/\/thomas-galster.de\/?page_id=23","title":{"rendered":"Impressum"},"content":{"rendered":"<section id=\"section-6-23\" class=\" ct-section\" ><div class=\"ct-section-inner-wrap\"><h1 id=\"headline-8-23\" class=\"ct-headline\"><div style=\"text-align: center;\"><span style=\"font-family: inherit;\">Impressum<\/span><\/div><\/h1><div id=\"text_block-4-23\" class=\"ct-text-block\" ><div style=\"text-align: center;\"><b>Angaben gem\u00e4\u00df \u00a7 5 TMG:<\/b><\/div><div style=\"text-align: center;\">Thomas Galster<\/div><div style=\"text-align: center;\">Reiki Praktizierender<\/div><div style=\"text-align: center;\">M\u00fcnchener Stra\u00dfe 17<\/div><div style=\"text-align: center;\">83395 Freilassing<\/div><div style=\"text-align: center;\"><br><\/div><b><div style=\"text-align: center;\"><b>Kontakt:<\/b><\/div><\/b><div style=\"text-align: center;\">Tel.: +49 8654 67614 | Mobil: +43 699 19246193<\/div><div style=\"text-align: center;\">E-Mail: <a href=\"mailto:praxis.galster@gmail.com\">praxis.galster@gmail.com<\/a><\/div><div style=\"text-align: center;\"><br><\/div><b><div style=\"text-align: center;\"><b>Steuernummer:<\/b><\/div><\/b><div style=\"text-align: center;\">105\/219\/20470<\/div><div style=\"text-align: center;\"><br><\/div><div style=\"text-align: center;\"><b>Verantwortlich f\u00fcr den Inhalt nach \u00a7 55 Abs. 2 RStV:<\/b><br><\/div><div style=\"text-align: center;\">Thomas Galster<\/div><div style=\"text-align: center;\">M\u00fcnchener Stra\u00dfe 17<\/div><div style=\"text-align: center;\">83395 Freilassing<\/div><div style=\"text-align: center;\"><br><\/div><div style=\"text-align: center;\"><b>Bildquellen:<\/b><br>Hintergrundbild:&nbsp;reichdernatur - stock.adobe.com<\/div><div style=\"text-align: center;\">Headerbild:&nbsp;LIGHTFIELD STUDIOS - stock.adobe.com<\/div><div style=\"text-align: center;\">Bild H\u00e4nde auf Startseite:&nbsp;Maksim Pasko - stock.adobe.com<\/div><br><br><b><div style=\"text-align: center;\"><b>Haftung f\u00fcr Inhalte<\/b><\/div><\/b><div style=\"text-align: center;\"><br><\/div><div style=\"text-align: center;\">Als Diensteanbieter sind wir gem\u00e4\u00df \u00a7 7 Abs.1 TMG f\u00fcr eigene Inhalte auf diesen Seiten nach den allgemeinen Gesetzen verantwortlich. Nach \u00a7\u00a7 8 bis 10 TMG sind wir als Diensteanbieter jedoch nicht verpflichtet, \u00fcbermittelte oder gespeicherte fremde Informationen zu \u00fcberwachen oder nach Umst\u00e4nden zu forschen, die auf eine rechtswidrige T\u00e4tigkeit hinweisen.<\/div><div style=\"text-align: center;\"><br><\/div><div style=\"text-align: center;\">Verpflichtungen zur Entfernung oder Sperrung der Nutzung von Informationen nach den allgemeinen Gesetzen bleiben hiervon unber\u00fchrt. Eine diesbez\u00fcgliche Haftung ist jedoch erst ab dem Zeitpunkt der Kenntnis einer konkreten Rechtsverletzung m\u00f6glich. Bei Bekanntwerden von entsprechenden Rechtsverletzungen werden wir diese Inhalte umgehend entfernen.<\/div><div style=\"text-align: center;\"><br><\/div><b><div style=\"text-align: center;\"><b>Haftung f\u00fcr Links<\/b><\/div><\/b><div style=\"text-align: center;\"><br><\/div><div style=\"text-align: center;\">Unser Angebot enth\u00e4lt Links zu externen Websites Dritter, auf deren Inhalte wir keinen Einfluss haben. Deshalb k\u00f6nnen wir f\u00fcr diese fremden Inhalte auch keine Gew\u00e4hr \u00fcbernehmen. F\u00fcr die Inhalte der verlinkten Seiten ist stets der jeweilige Anbieter oder Betreiber der Seiten verantwortlich. Die verlinkten Seiten wurden zum Zeitpunkt der Verlinkung auf m\u00f6gliche Rechtsverst\u00f6\u00dfe \u00fcberpr\u00fcft. Rechtswidrige Inhalte waren zum Zeitpunkt der Verlinkung nicht erkennbar.<\/div><div style=\"text-align: center;\"><br><\/div><div style=\"text-align: center;\">Eine permanente inhaltliche Kontrolle der verlinkten Seiten ist jedoch ohne konkrete Anhaltspunkte einer Rechtsverletzung nicht zumutbar. Bei Bekanntwerden von Rechtsverletzungen werden wir derartige Links umgehend entfernen.<\/div><div style=\"text-align: center;\"><br><\/div><b><div style=\"text-align: center;\"><b>Urheberrecht<\/b><\/div><\/b><div style=\"text-align: center;\"><br><\/div><div style=\"text-align: center;\">Die durch die Seitenbetreiber erstellten Inhalte und Werke auf diesen Seiten unterliegen dem deutschen Urheberrecht. Die Vervielf\u00e4ltigung, Bearbeitung, Verbreitung und jede Art der Verwertung au\u00dferhalb der Grenzen des Urheberrechtes bed\u00fcrfen der schriftlichen Zustimmung des jeweiligen Autors bzw. Erstellers. Downloads und Kopien dieser Seite sind nur f\u00fcr den privaten, nicht kommerziellen Gebrauch gestattet.<\/div><div style=\"text-align: center;\"><br><\/div><div style=\"text-align: center;\">Soweit die Inhalte auf dieser Seite nicht vom Betreiber erstellt wurden, werden die Urheberrechte Dritter beachtet. Insbesondere werden Inhalte Dritter als solche gekennzeichnet. Sollten Sie trotzdem auf eine Urheberrechtsverletzung aufmerksam werden, bitten wir um einen entsprechenden Hinweis. Bei Bekanntwerden von Rechtsverletzungen werden wir derartige Inhalte umgehend entfernen.<\/div><\/div><\/div><\/section>","protected":false},"excerpt":{"rendered":"","protected":false},"author":2,"featured_media":0,"parent":0,"menu_order":0,"comment_status":"closed","ping_status":"closed","template":"","meta":[],"_links":{"self":[{"href":"https:\/\/thomas-galster.de\/index.php?rest_route=\/wp\/v2\/pages\/23"}],"collection":[{"href":"https:\/\/thomas-galster.de\/index.php?rest_route=\/wp\/v2\/pages"}],"about":[{"href":"https:\/\/thomas-galster.de\/index.php?rest_route=\/wp\/v2\/types\/page"}],"author":[{"embeddable":true,"href":"https:\/\/thomas-galster.de\/index.php?rest_route=\/wp\/v2\/users\/2"}],"replies":[{"embeddable":true,"href":"https:\/\/thomas-galster.de\/index.php?rest_route=%2Fwp%2Fv2%2Fcomments&post=23"}],"version-history":[{"count":5,"href":"https:\/\/thomas-galster.de\/index.php?rest_route=\/wp\/v2\/pages\/23\/revisions"}],"predecessor-version":[{"id":53,"href":"https:\/\/thomas-galster.de\/index.php?rest_route=\/wp\/v2\/pages\/23\/revisions\/53"}],"wp:attachment":[{"href":"https:\/\/thomas-galster.de\/index.php?rest_route=%2Fwp%2Fv2%2Fmedia&parent=23"}],"curies":[{"name":"wp","href":"https:\/\/api.w.org\/{rel}","templated":true}]}}